{"id":24,"date":"2015-10-26T21:38:03","date_gmt":"2015-10-26T20:38:03","guid":{"rendered":"http:\/\/moerchel.de\/wp\/?page_id=24"},"modified":"2016-05-17T00:34:48","modified_gmt":"2016-05-16T22:34:48","slug":"dienstleistung","status":"publish","type":"page","link":"https:\/\/moerchel.de\/wp\/dienstleistung\/","title":{"rendered":"Dienstleistung"},"content":{"rendered":"<h4><strong>Rechtsanwalt als Organ der Rechtspflege<\/strong><\/h4>\n<p>Der Rechtsanwalt ist unabh\u00e4ngiger Interessenvertreter und Berater des Rechtssuchenden. Er sch\u00fctzt den Mandanten vor Fehlentscheidungen und \u00dcbervorteilungen. Der Anwalt und seine Mitarbeiter sind zur Verschwiegenheit gegen\u00fcber jedermann verpflichtet. So ist gew\u00e4hrleistet, dass man v\u00f6llig offen mit ihm reden kann.<\/p>\n<hr \/>\n<h4><strong>Vorbereitung auf einen Gespr\u00e4chstermin<\/strong><\/h4>\n<p>Um die Zeit in einem Gespr\u00e4chstermin m\u00f6glichst effektiv zu nutzen, empfiehlt sich beiderseits eine eingehende Vorbereitung.<\/p>\n<p>Der Mandant kann auf diese Weise erfahrungsgem\u00e4\u00df leichter das eigene Anliegen veranschaulichen.<\/p>\n<p>&#8211; In Stichworten alle wesentlichen Fakten notieren, gegebenenfalls ein Ged\u00e4chtnisprotokoll anfertigen<\/p>\n<p>&#8211; Alle Unterlagen mitbringen, die dabei eine Rolle spielen k\u00f6nnten (z.B. beh\u00f6rdliche Anschreiben, Dokumente, Klageschriften, Lichtbilder, Unfallmitteilungen etc.)<\/p>\n","protected":false},"excerpt":{"rendered":"<p>Rechtsanwalt als Organ der Rechtspflege Der Rechtsanwalt ist unabh\u00e4ngiger Interessenvertreter und Berater des Rechtssuchenden. Er sch\u00fctzt den Mandanten vor Fehlentscheidungen und \u00dcbervorteilungen. [&hellip;]<\/p>\n","protected":false},"author":1,"featured_media":0,"parent":0,"menu_order":0,"comment_status":"closed","ping_status":"closed","template":"","meta":{"footnotes":""},"class_list":["post-24","page","type-page","status-publish","hentry"],"_links":{"self":[{"href":"https:\/\/moerchel.de\/wp\/wp-json\/wp\/v2\/pages\/24","targetHints":{"allow":["GET"]}}],"collection":[{"href":"https:\/\/moerchel.de\/wp\/wp-json\/wp\/v2\/pages"}],"about":[{"href":"https:\/\/moerchel.de\/wp\/wp-json\/wp\/v2\/types\/page"}],"author":[{"embeddable":true,"href":"https:\/\/moerchel.de\/wp\/wp-json\/wp\/v2\/users\/1"}],"replies":[{"embeddable":true,"href":"https:\/\/moerchel.de\/wp\/wp-json\/wp\/v2\/comments?post=24"}],"version-history":[{"count":3,"href":"https:\/\/moerchel.de\/wp\/wp-json\/wp\/v2\/pages\/24\/revisions"}],"predecessor-version":[{"id":134,"href":"https:\/\/moerchel.de\/wp\/wp-json\/wp\/v2\/pages\/24\/revisions\/134"}],"wp:attachment":[{"href":"https:\/\/moerchel.de\/wp\/wp-json\/wp\/v2\/media?parent=24"}],"curies":[{"name":"wp","href":"https:\/\/api.w.org\/{rel}","templated":true}]}}