{"id":34,"date":"2015-10-26T22:21:45","date_gmt":"2015-10-26T21:21:45","guid":{"rendered":"http:\/\/moerchel.de\/wp\/?page_id=34"},"modified":"2020-06-01T16:52:02","modified_gmt":"2020-06-01T14:52:02","slug":"herzlich-willkommen","status":"publish","type":"page","link":"https:\/\/moerchel.de\/wp\/","title":{"rendered":"Herzlich Willkommen"},"content":{"rendered":"<div id=\"pl-34\"  class=\"panel-layout\" ><div id=\"pg-34-0\"  class=\"panel-grid panel-has-style\" ><div style=\"padding: 0px 0; \" data-overlay=\"true\" class=\"panel-row-style panel-row-style-for-34-0\" ><div id=\"pgc-34-0-0\"  class=\"panel-grid-cell\" ><div id=\"panel-34-0-0-0\" class=\"so-panel widget widget_sow-editor panel-first-child panel-last-child\" data-index=\"0\" ><div style=\"text-align: left;\" data-title-color=\"#443f3f\" data-headings-color=\"#443f3f\" class=\"panel-widget-style panel-widget-style-for-34-0-0-0\" ><div\n\t\t\t\n\t\t\tclass=\"so-widget-sow-editor so-widget-sow-editor-base\"\n\t\t\t\n\t\t>\n<div class=\"siteorigin-widget-tinymce textwidget\">\n\t<p>Willkommen auf den Internetseiten von Rechtsanwalt M\u00f6rchel.<br \/>\nDie Kanzlei befindet sich mit Ihren R\u00e4umlichkeiten an folgender Anschrift:<br \/>\nLindenallee 43, D-50968 K\u00f6ln<\/p>\n<p>Neben seiner rechtsanwaltlichen T\u00e4tigkeit unterrichtet Rechtsanwalt M\u00f6rchel im Rahmen eines Lehrauftrages Wirtschaftsrecht\u00a0an der Rheinischen Fachhochschule in K\u00f6ln.<\/p>\n<p>Informieren Sie sich \u00fcber Dienstleistungen verschiedenster Art, die Ihnen eine moderne rechtsanwaltliche Kanzlei bietet.<br \/>\nDie nachfolgenden Seiten f\u00fchren T\u00e4tigkeits- und Interessenschwerpunkte auf und\u00a0bieten Ihnen einen Auszug aus dem umfangreichen Beratungsangebot.<br \/>\nEin besonderes Augenmerk sei auf die zahlreichen Gesetzes\u00e4nderungen gerichtet, die in der Vergangenheit in Kraft getreten sind.<\/p>\n<\/div>\n<\/div><\/div><\/div><\/div><div id=\"pgc-34-0-1\"  class=\"panel-grid-cell\" ><div id=\"panel-34-0-1-0\" class=\"so-panel widget widget_sow-image panel-first-child panel-last-child\" data-index=\"1\" ><div\n\t\t\t\n\t\t\tclass=\"so-widget-sow-image so-widget-sow-image-default-8b5b6f678277-34\"\n\t\t\t\n\t\t>\n<div class=\"sow-image-container\">\n\t\t<img \n\tsrc=\"https:\/\/moerchel.de\/wp\/wp-content\/uploads\/2015\/10\/georg_chair3.png\" width=\"570\" height=\"350\" srcset=\"https:\/\/moerchel.de\/wp\/wp-content\/uploads\/2015\/10\/georg_chair3.png 570w, https:\/\/moerchel.de\/wp\/wp-content\/uploads\/2015\/10\/georg_chair3-300x184.png 300w, https:\/\/moerchel.de\/wp\/wp-content\/uploads\/2015\/10\/georg_chair3-230x141.png 230w, https:\/\/moerchel.de\/wp\/wp-content\/uploads\/2015\/10\/georg_chair3-350x215.png 350w\" sizes=\"(max-width: 570px) 100vw, 570px\" alt=\"\" \t\tclass=\"so-widget-image\"\/>\n\t<\/div>\n\n<\/div><\/div><\/div><\/div><\/div><\/div>","protected":false},"excerpt":{"rendered":"<p>Willkommen auf den Internetseiten von Rechtsanwalt M\u00f6rchel. Die Kanzlei befindet sich mit Ihren R\u00e4umlichkeiten an folgender Anschrift: Lindenallee 43, D-50968 K\u00f6ln Neben [&hellip;]<\/p>\n","protected":false},"author":1,"featured_media":0,"parent":0,"menu_order":0,"comment_status":"closed","ping_status":"closed","template":"page-templates\/page_fullwidth.php","meta":{"footnotes":""},"class_list":["post-34","page","type-page","status-publish","hentry"],"_links":{"self":[{"href":"https:\/\/moerchel.de\/wp\/wp-json\/wp\/v2\/pages\/34","targetHints":{"allow":["GET"]}}],"collection":[{"href":"https:\/\/moerchel.de\/wp\/wp-json\/wp\/v2\/pages"}],"about":[{"href":"https:\/\/moerchel.de\/wp\/wp-json\/wp\/v2\/types\/page"}],"author":[{"embeddable":true,"href":"https:\/\/moerchel.de\/wp\/wp-json\/wp\/v2\/users\/1"}],"replies":[{"embeddable":true,"href":"https:\/\/moerchel.de\/wp\/wp-json\/wp\/v2\/comments?post=34"}],"version-history":[{"count":25,"href":"https:\/\/moerchel.de\/wp\/wp-json\/wp\/v2\/pages\/34\/revisions"}],"predecessor-version":[{"id":270,"href":"https:\/\/moerchel.de\/wp\/wp-json\/wp\/v2\/pages\/34\/revisions\/270"}],"wp:attachment":[{"href":"https:\/\/moerchel.de\/wp\/wp-json\/wp\/v2\/media?parent=34"}],"curies":[{"name":"wp","href":"https:\/\/api.w.org\/{rel}","templated":true}]}}